{"id":52,"date":"2017-02-20T00:19:36","date_gmt":"2017-02-20T00:19:36","guid":{"rendered":"http:\/\/miguelguerin.com.ar\/?page_id=52"},"modified":"2017-02-20T01:21:20","modified_gmt":"2017-02-20T01:21:20","slug":"libros","status":"publish","type":"page","link":"http:\/\/miguelguerin.com.ar\/?page_id=52","title":{"rendered":"Libros"},"content":{"rendered":"<p>&nbsp;<\/p>\n<p align=\"center\"><span style=\"font-weight: bold; text-decoration: underline;\"><br \/>\n<span style=\"font-size: 17pt; color: #791ad9; font-family: Tahoma;\">Libros<\/span><\/span><\/p>\n<div align=\"center\">\n<table border=\"0\" width=\"100%\" cellpadding=\"0\">\n<tbody>\n<tr>\n<td colspan=\"2\" width=\"100%\">\n<hr size=\"1\" \/>\n<\/td>\n<\/tr>\n<tr>\n<td><span style=\"font-family: Arial; font-size: small;\">Gu\u00e9rin, Miguel Alberto, director; Fabi\u00e1n Esteban \u00c1lvarez Rojas, editor. (2016). Historia sociocultural urbana de Am\u00e9rica Latina. Espacios, migraciones y tiempo <\/span><\/td>\n<td align=\"center\"><u><i><b> <span style=\"font-family: Arial; font-size: small;\"> <a href=\"\/libros\/Libro%20Proyecto%20591%20UNLPam.pdf\">Descargar<\/a><\/span><\/b><\/i><\/u><\/td>\n<\/tr>\n<tr>\n<td colspan=\"2\" width=\"100%\">\n<hr size=\"1\" \/>\n<\/td>\n<\/tr>\n<\/tbody>\n<\/table>\n<\/div>\n<p><\/p>\n","protected":false},"excerpt":{"rendered":"<p>&nbsp; Libros Gu\u00e9rin, Miguel Alberto, director; Fabi\u00e1n Esteban \u00c1lvarez Rojas, editor. (2016). Historia sociocultural urbana de Am\u00e9rica Latina. Espacios, migraciones y tiempo Descargar<\/p>\n","protected":false},"author":1,"featured_media":0,"parent":0,"menu_order":0,"comment_status":"closed","ping_status":"closed","template":"","meta":{"footnotes":""},"class_list":["post-52","page","type-page","status-publish","hentry"],"_links":{"self":[{"href":"http:\/\/miguelguerin.com.ar\/index.php?rest_route=\/wp\/v2\/pages\/52","targetHints":{"allow":["GET"]}}],"collection":[{"href":"http:\/\/miguelguerin.com.ar\/index.php?rest_route=\/wp\/v2\/pages"}],"about":[{"href":"http:\/\/miguelguerin.com.ar\/index.php?rest_route=\/wp\/v2\/types\/page"}],"author":[{"embeddable":true,"href":"http:\/\/miguelguerin.com.ar\/index.php?rest_route=\/wp\/v2\/users\/1"}],"replies":[{"embeddable":true,"href":"http:\/\/miguelguerin.com.ar\/index.php?rest_route=%2Fwp%2Fv2%2Fcomments&post=52"}],"version-history":[{"count":6,"href":"http:\/\/miguelguerin.com.ar\/index.php?rest_route=\/wp\/v2\/pages\/52\/revisions"}],"predecessor-version":[{"id":86,"href":"http:\/\/miguelguerin.com.ar\/index.php?rest_route=\/wp\/v2\/pages\/52\/revisions\/86"}],"wp:attachment":[{"href":"http:\/\/miguelguerin.com.ar\/index.php?rest_route=%2Fwp%2Fv2%2Fmedia&parent=52"}],"curies":[{"name":"wp","href":"https:\/\/api.w.org\/{rel}","templated":true}]}}